{"id":1173,"date":"2021-03-16T09:39:14","date_gmt":"2021-03-16T09:39:14","guid":{"rendered":"https:\/\/filaunica.es\/\/?page_id=1173"},"modified":"2021-03-16T09:39:14","modified_gmt":"2021-03-16T09:39:14","slug":"politica-de-cookies-fr","status":"publish","type":"page","link":"https:\/\/filaunica.es\/fr\/politica-de-cookies-fr\/","title":{"rendered":"Pol\u00edtica de Cookies FR"},"content":{"rendered":"<section class=\"kc-elm kc-css-273120 kc_row\"><div class=\"kc-row-container  kc-container\"><div class=\"kc-wrap-columns\"><div class=\"kc-elm kc-css-607165 kc_column kc_col-sm-12\"><div class=\"kc-col-container\"><div class=\"kc-elm kc-css-523329 kc_text_block\"><\/p>\n<p><strong><u>Al operar este Sitio, utilizamos una tecnolog\u00eda llamada &#8220;cookies\".<\/u><\/strong><\/p>\n<p>\u00bfQu\u00e9 son las cookies?<\/p>\n<p>Una cookie es una pieza de informaci\u00f3n guardada en su computadora por el servidor del sitio que est\u00e1 visitando.\u00a0Permiten que los sitios web almacenen memoria asociada al usuario, como preferencias e informaci\u00f3n.\u00a0Sin cookies, el servidor no lo reconocer\u00e1 cuando regrese a un sitio web.\u00a0Las cookies establecidas por el propietario del sitio web (en este caso, filaunica.es) se denominan &#8220;cookies de origen\".\u00a0Las cookies establecidas por terceros que no sean el propietario del sitio web se denominan &#8220;cookies de terceros\".<\/p>\n<p><strong>\u00bfC\u00f3mo utiliza Fil\u00danica las cookies?<\/strong><\/p>\n<p>Fil\u00danica utiliza cookies de origen para ayudar a proporcionar una funcionalidad personalizada en el sitio.\u00a0Fil\u00danica utiliza cookies de terceros en conjunto que nos permiten analizar el uso del sitio y nos permiten mejorar la funcionalidad clave del sitio.\u00a0En todos los casos en los que utilizamos cookies, no recopilaremos datos personales mediante el uso de dicha tecnolog\u00eda.<\/p>\n<p><strong>\u00bfQu\u00e9 cookies se guardan en el sitio web y la plataforma de Fil\u00danica?<\/strong><\/p>\n<p>Fil\u00danica utiliza cookies con diferentes configuraciones de duraci\u00f3n para ayudar a nuestro sitio a mejorar su experiencia de usuario.\u00a0Los tipos utilizados son:<\/p>\n<p><strong>Cookies persistentes<\/strong>\u00a0: ayudan al sitio a recordar sus preferencias y configuraciones cuando regrese a nuestro sitio en el futuro.\u00a0Esto resulta en un acceso m\u00e1s r\u00e1pido y conveniente.\u00a0Estas cookies se almacenan en el navegador y persisten entre las visitas al sitio.<\/p>\n<p><strong>Cookies de sesi\u00f3n<\/strong>\u00a0: permiten que nuestro sitio realice un seguimiento de su contexto de una p\u00e1gina a otra r\u00e1pidamente sin tener que volver a procesar los datos.\u00a0Las cookies de sesi\u00f3n se borran cuando usted cierra su navegador o apaga su computadora.<\/p>\n<p><strong>\u00bfCu\u00e1ndo utiliza Fila\u00danica cookies?<\/strong><\/p>\n<p><strong>Registro<\/strong>\u00a0: utilizamos cookies para recordar sus preferencias cuando utiliza aplicaciones del sitio (filaunica.es).\u00a0Estos elementos guardados permanecen como su configuraci\u00f3n predeterminada cuando regresa a nuestro sitio web.\u00a0Si no ha seleccionado &#8220;\u00bfRecordarme?\", Durante el inicio de sesi\u00f3n, sus cookies se eliminar\u00e1n al final de la sesi\u00f3n.<\/p>\n<p><strong>Rendimiento del sitio<\/strong>\u00a0: cuando accede al sitio (filaunica.es), se generan cookies que permiten mantener el contexto del nivel de sesi\u00f3n.\u00a0Fil\u00danica utiliza estas cookies para almacenar en cach\u00e9 la informaci\u00f3n a la que se ha accedido recientemente y para aumentar la velocidad de respuesta en solicitudes posteriores.<\/p>\n<p><strong>Analizar el uso del sitio<\/strong>\u00a0: utilizamos cookies para analizar el uso de nuestro sitio web (filaunica.es) y aplicaciones m\u00f3viles.\u00a0Esto nos ayuda a mejorar la experiencia del usuario aprendiendo c\u00f3mo interact\u00faa con nuestro contenido e identificando errores de acceso.<\/p>\n<p><strong>Gesti\u00f3n de cookies<\/strong><\/p>\n<p>En la mayor\u00eda de los navegadores web, encontrar\u00e1 una secci\u00f3n de &#8220;ayuda\" en la barra de herramientas.\u00a0Consulte esta secci\u00f3n para obtener informaci\u00f3n sobre c\u00f3mo recibir una notificaci\u00f3n cuando recibe una nueva cookie y c\u00f3mo puede desactivar las cookies.\u00a0Le recomendamos que deje las cookies activadas porque le permiten aprovechar algunas de las funciones del sitio.<\/p>\n<p><strong>Configuraci\u00f3n de cookies:<\/strong><\/p>\n<p><a href=\"https:\/\/support.microsoft.com\/en-us\/help\/17442\/windows-internet-explorer-delete-manage-cookies#ie=ie-10\">Internet Explorer<\/a><br \/><a href=\"https:\/\/support.google.com\/chrome\/answer\/95647?hl=en&#038;ref_topic=14666\">Google Chrome<\/a><br \/><a href=\"https:\/\/support.mozilla.com\/en-US\/kb\/cookies-information-websites-store-on-your-computer?redirectlocale=en-US&#038;redirectslug=Cookies\">Mozilla Firefox<\/a><br \/><a href=\"https:\/\/support.apple.com\/kb\/PH17191?locale=en_US\">Safari<\/a><br \/><a href=\"https:\/\/support.apple.com\/en-us\/HT201265\">Dispositivo iOS Dispositivo<\/a><br \/><a href=\"https:\/\/support.google.com\/nexus\/answer\/54068?visit_id=1-636598556453354517-3959018307&#038;hl=en&#038;rd=1\">Android<\/a><br \/><a href=\"https:\/\/www.monnit.com\/company\/legal\/terms\">Condiciones de uso de Monnit<\/a><\/p>\n<p>Fecha de vigencia: 08 de Febrero 2021<\/p>\n<p>\n<\/div><\/div><\/div><\/div><\/div><\/section>","protected":false},"excerpt":{"rendered":"","protected":false},"author":4,"featured_media":0,"parent":0,"menu_order":0,"comment_status":"closed","ping_status":"closed","template":"full-width.php","meta":{"footnotes":""},"class_list":["post-1173","page","type-page","status-publish","hentry"],"yoast_head":"<!-- This site is optimized with the Yoast SEO plugin v27.1.1 - https:\/\/yoast.com\/product\/yoast-seo-wordpress\/ -->\n<title>Pol\u00edtica de Cookies FR - Fila \u00danica - Gestor de filas<\/title>\n<meta name=\"robots\" content=\"index, follow, max-snippet:-1, max-image-preview:large, max-video-preview:-1\" \/>\n<link rel=\"canonical\" href=\"https:\/\/filaunica.es\/fr\/politica-de-cookies-fr\/\" \/>\n<meta property=\"og:locale\" content=\"fr_FR\" \/>\n<meta property=\"og:type\" content=\"article\" \/>\n<meta property=\"og:title\" content=\"Pol\u00edtica de Cookies FR - Fila \u00danica - Gestor de filas\" \/>\n<meta property=\"og:description\" content=\"Al operar este Sitio, utilizamos una tecnolog\u00eda llamada &#8220;cookies&#8221;. \u00bfQu\u00e9 son las cookies? Una cookie es una pieza de informaci\u00f3n guardada en su computadora por el servidor del sitio que est\u00e1 visitando.\u00a0Permiten que [&hellip;]\" \/>\n<meta property=\"og:url\" content=\"https:\/\/filaunica.es\/fr\/politica-de-cookies-fr\/\" \/>\n<meta property=\"og:site_name\" content=\"Fila \u00danica - Gestor de filas\" \/>\n<meta name=\"twitter:card\" content=\"summary_large_image\" \/>\n<meta name=\"twitter:label1\" content=\"Dur\u00e9e de lecture estim\u00e9e\" \/>\n\t<meta name=\"twitter:data1\" content=\"3 minutes\" \/>\n<script type=\"application\/ld+json\" class=\"yoast-schema-graph\">{\"@context\":\"https:\/\/schema.org\",\"@graph\":[{\"@type\":\"WebPage\",\"@id\":\"https:\/\/filaunica.es\/fr\/politica-de-cookies-fr\/\",\"url\":\"https:\/\/filaunica.es\/fr\/politica-de-cookies-fr\/\",\"name\":\"Pol\u00edtica de Cookies FR - Fila \u00danica - Gestor de filas\",\"isPartOf\":{\"@id\":\"https:\/\/filaunica.es\/fr\/#website\"},\"datePublished\":\"2021-03-16T09:39:14+00:00\",\"breadcrumb\":{\"@id\":\"https:\/\/filaunica.es\/fr\/politica-de-cookies-fr\/#breadcrumb\"},\"inLanguage\":\"fr-FR\",\"potentialAction\":[{\"@type\":\"ReadAction\",\"target\":[\"https:\/\/filaunica.es\/fr\/politica-de-cookies-fr\/\"]}]},{\"@type\":\"BreadcrumbList\",\"@id\":\"https:\/\/filaunica.es\/fr\/politica-de-cookies-fr\/#breadcrumb\",\"itemListElement\":[{\"@type\":\"ListItem\",\"position\":1,\"name\":\"Portada\",\"item\":\"https:\/\/filaunica.es\/fr\/home-fr\/\"},{\"@type\":\"ListItem\",\"position\":2,\"name\":\"Pol\u00edtica de Cookies FR\"}]},{\"@type\":\"WebSite\",\"@id\":\"https:\/\/filaunica.es\/fr\/#website\",\"url\":\"https:\/\/filaunica.es\/fr\/\",\"name\":\"Fila \u00danica - Gestor de filas\",\"description\":\"Gestor de filas que iguala los tiempos de espera para todos los clientes\",\"publisher\":{\"@id\":\"https:\/\/filaunica.es\/fr\/#organization\"},\"potentialAction\":[{\"@type\":\"SearchAction\",\"target\":{\"@type\":\"EntryPoint\",\"urlTemplate\":\"https:\/\/filaunica.es\/fr\/?s={search_term_string}\"},\"query-input\":{\"@type\":\"PropertyValueSpecification\",\"valueRequired\":true,\"valueName\":\"search_term_string\"}}],\"inLanguage\":\"fr-FR\"},{\"@type\":\"Organization\",\"@id\":\"https:\/\/filaunica.es\/fr\/#organization\",\"name\":\"Fila \u00danica - Gestor de filas\",\"url\":\"https:\/\/filaunica.es\/fr\/\",\"logo\":{\"@type\":\"ImageObject\",\"inLanguage\":\"fr-FR\",\"@id\":\"https:\/\/filaunica.es\/fr\/#\/schema\/logo\/image\/\",\"url\":\"https:\/\/filaunica.es\/wp-content\/uploads\/2021\/01\/cropped-cropped-Logo-FilaUnica__SENSONET_188x83.jpg\",\"contentUrl\":\"https:\/\/filaunica.es\/wp-content\/uploads\/2021\/01\/cropped-cropped-Logo-FilaUnica__SENSONET_188x83.jpg\",\"width\":188,\"height\":83,\"caption\":\"Fila \u00danica - Gestor de filas\"},\"image\":{\"@id\":\"https:\/\/filaunica.es\/fr\/#\/schema\/logo\/image\/\"}}]}<\/script>\n<!-- \/ Yoast SEO plugin. -->","yoast_head_json":{"title":"Pol\u00edtica de Cookies FR - Fila \u00danica - Gestor de filas","robots":{"index":"index","follow":"follow","max-snippet":"max-snippet:-1","max-image-preview":"max-image-preview:large","max-video-preview":"max-video-preview:-1"},"canonical":"https:\/\/filaunica.es\/fr\/politica-de-cookies-fr\/","og_locale":"fr_FR","og_type":"article","og_title":"Pol\u00edtica de Cookies FR - Fila \u00danica - Gestor de filas","og_description":"Al operar este Sitio, utilizamos una tecnolog\u00eda llamada &#8220;cookies&#8221;. \u00bfQu\u00e9 son las cookies? Una cookie es una pieza de informaci\u00f3n guardada en su computadora por el servidor del sitio que est\u00e1 visitando.\u00a0Permiten que [&hellip;]","og_url":"https:\/\/filaunica.es\/fr\/politica-de-cookies-fr\/","og_site_name":"Fila \u00danica - Gestor de filas","twitter_card":"summary_large_image","twitter_misc":{"Dur\u00e9e de lecture estim\u00e9e":"3 minutes"},"schema":{"@context":"https:\/\/schema.org","@graph":[{"@type":"WebPage","@id":"https:\/\/filaunica.es\/fr\/politica-de-cookies-fr\/","url":"https:\/\/filaunica.es\/fr\/politica-de-cookies-fr\/","name":"Pol\u00edtica de Cookies FR - Fila \u00danica - Gestor de filas","isPartOf":{"@id":"https:\/\/filaunica.es\/fr\/#website"},"datePublished":"2021-03-16T09:39:14+00:00","breadcrumb":{"@id":"https:\/\/filaunica.es\/fr\/politica-de-cookies-fr\/#breadcrumb"},"inLanguage":"fr-FR","potentialAction":[{"@type":"ReadAction","target":["https:\/\/filaunica.es\/fr\/politica-de-cookies-fr\/"]}]},{"@type":"BreadcrumbList","@id":"https:\/\/filaunica.es\/fr\/politica-de-cookies-fr\/#breadcrumb","itemListElement":[{"@type":"ListItem","position":1,"name":"Portada","item":"https:\/\/filaunica.es\/fr\/home-fr\/"},{"@type":"ListItem","position":2,"name":"Pol\u00edtica de Cookies FR"}]},{"@type":"WebSite","@id":"https:\/\/filaunica.es\/fr\/#website","url":"https:\/\/filaunica.es\/fr\/","name":"Fila \u00danica - Gestor de filas","description":"Gestor de filas que iguala los tiempos de espera para todos los clientes","publisher":{"@id":"https:\/\/filaunica.es\/fr\/#organization"},"potentialAction":[{"@type":"SearchAction","target":{"@type":"EntryPoint","urlTemplate":"https:\/\/filaunica.es\/fr\/?s={search_term_string}"},"query-input":{"@type":"PropertyValueSpecification","valueRequired":true,"valueName":"search_term_string"}}],"inLanguage":"fr-FR"},{"@type":"Organization","@id":"https:\/\/filaunica.es\/fr\/#organization","name":"Fila \u00danica - Gestor de filas","url":"https:\/\/filaunica.es\/fr\/","logo":{"@type":"ImageObject","inLanguage":"fr-FR","@id":"https:\/\/filaunica.es\/fr\/#\/schema\/logo\/image\/","url":"https:\/\/filaunica.es\/wp-content\/uploads\/2021\/01\/cropped-cropped-Logo-FilaUnica__SENSONET_188x83.jpg","contentUrl":"https:\/\/filaunica.es\/wp-content\/uploads\/2021\/01\/cropped-cropped-Logo-FilaUnica__SENSONET_188x83.jpg","width":188,"height":83,"caption":"Fila \u00danica - Gestor de filas"},"image":{"@id":"https:\/\/filaunica.es\/fr\/#\/schema\/logo\/image\/"}}]}},"_links":{"self":[{"href":"https:\/\/filaunica.es\/fr\/wp-json\/wp\/v2\/pages\/1173","targetHints":{"allow":["GET"]}}],"collection":[{"href":"https:\/\/filaunica.es\/fr\/wp-json\/wp\/v2\/pages"}],"about":[{"href":"https:\/\/filaunica.es\/fr\/wp-json\/wp\/v2\/types\/page"}],"author":[{"embeddable":true,"href":"https:\/\/filaunica.es\/fr\/wp-json\/wp\/v2\/users\/4"}],"replies":[{"embeddable":true,"href":"https:\/\/filaunica.es\/fr\/wp-json\/wp\/v2\/comments?post=1173"}],"version-history":[{"count":0,"href":"https:\/\/filaunica.es\/fr\/wp-json\/wp\/v2\/pages\/1173\/revisions"}],"wp:attachment":[{"href":"https:\/\/filaunica.es\/fr\/wp-json\/wp\/v2\/media?parent=1173"}],"curies":[{"name":"wp","href":"https:\/\/api.w.org\/{rel}","templated":true}]}}